{"id":17,"date":"2017-03-02T21:19:25","date_gmt":"2017-03-02T20:19:25","guid":{"rendered":"https:\/\/www.seidenblumenatelier.de\/?page_id=17"},"modified":"2025-09-21T18:27:33","modified_gmt":"2025-09-21T16:27:33","slug":"ueber-mich","status":"publish","type":"page","link":"https:\/\/www.seidenblumenatelier.de\/?page_id=17","title":{"rendered":"\u00dcber mich"},"content":{"rendered":"<p>Seit 1990 fertige ich aus hochwertigen textilen Blumen Str\u00e4u\u00dfe, Gestecke, Aufleger, B\u00f6gen und individuelle Arrangements. Dabei achte ich besonders auf eine harmonische Farbgestaltung und gute Verarbeitung. Meine\u00a0 Produkte sind alle Unikate. Die edlen Steckgef\u00e4\u00dfe und Accessoires sind perfekt dem jeweiligen Gesteck angepasst.<\/p>\n<p>An Ausstellungen habe ich nur teilgenommen, die eine gute Atmosph\u00e4re und ein sch\u00f6nes Ambiente bieten. Zu meinen beliebtesten Ausstellungen geh\u00f6rt das Herbstvergn\u00fcgen (ehemals Bauernmarkt) in Hildesheim. In diesem Jahr (2024) werde ich meine Arrangements im Hildesheimer Rathaus am Marktplatz pr\u00e4sentieren. Aber auch der Oster- und Herbstmarkt im alten Fachwerkhaus in Gro\u00df D\u00fcngen und der weihnachtliche Kunsthandwerkermarkt in der Hildesheimer Rathaushalle z\u00e4hlen zu den Highlights.<\/p>\n<p>\u00dcber interessierte Kunden freue ich mich immer und m\u00f6chte all denen danken, die schon seit so vielen Jahren Freude an meine Arbeiten haben.<\/p>\n<p>Mein erstes Buch <strong>&#8211; Sonnenblumen Sommer &#8211;<\/strong> ist bereits im Herbst 2018 erschienen. Es ist eine wunderbare Geschichte, die in S\u00fcdfrankreich, der Provence spielt. Eine gl\u00fcckliche Familie erlebt in ihrem Urlaub spannende H\u00f6hepunkte. Dazu z\u00e4hlt ein Ausritt auf den Wildpferden in der Carmargue, eine Kanufahrt auf der Ardeche, eine Schatzsuche am Gardon und das Entdecken antiker Bauwerke und weitere viele sch\u00f6ne Erlebnisse. Die wunderbaren Naturerlebnisse dieser bezaubernden Region werden intensiv mit allen Sinnen wahrgenommen. Geeignetes Lesealter ab 9 &#8211; 90 Jahren. Zum Vorlesen f\u00fcr die ganze Familie und alle Provence-Liebhaber. Das Buch kann \u00fcber den NOEL-Verlag und den Buchhandel erworben werden.<\/p>\n<p>Mein zweites Buch <strong>&#8211; Matze und das Viel zu viel &#8211;<\/strong> ist seit August 2022 im Kellner-Verlag Bremen und im Buchhandel erh\u00e4ltlich. Matze schafft es immer wieder, seine Mutter und seine Lehrerin mit dem scheu\u00dflichen &#8222;Viel zu viel&#8220; zur Verzweiflung zu bringen. Sie meinen, er sei viel zu verpeilt, viel zu unordentlich, habe viel zu wenig Interesse am Unterricht, aber daf\u00fcr umso mehr verr\u00fcckte Ideen im Kopf. Vielleicht ist er gerade deshalb bei den anderen Kindern in der Klasse so beliebt. Sie m\u00f6gen ihn wegen seiner stets guten Laune, seiner pfiffigen Einf\u00e4lle, seiner sprudelnden Fantasie und Erfindungsgabe. Finden ihn aber alle aus der Klasse toll? Absolut nicht! Zwischen ihm und dem hochn\u00e4sigen Reichenbach-Clan, der Matze st\u00e4ndig dem\u00fctigt, weil er aus \u00e4rmlichen Verh\u00e4ltnissen kommt, entbrennt immer wieder ein bitterer Streit. Als an einem sch\u00f6nen Fr\u00fchlingstag auf dem Schulhof der Bremer Grundschule etwas Dramatisches geschieht und Matze mutig eingreift, \u00e4ndert sich so manches in der 4b. Matze ist ein liebenswerter Chaot mit dem Herzen auf dem rechten Fleck, der beweist, dass Gl\u00fcck nicht k\u00e4uflich ist.<\/p>\n<p>Eine Leseprobe zu den B\u00fcchern finden Sie im Internet bei den Verlagen.<\/p>\n","protected":false},"excerpt":{"rendered":"<p>Seit 1990 fertige ich aus hochwertigen textilen Blumen Str\u00e4u\u00dfe, Gestecke, Aufleger, B\u00f6gen und individuelle Arrangements. Dabei achte ich besonders auf eine harmonische Farbgestaltung und gute Verarbeitung. Meine\u00a0 Produkte sind alle Unikate. Die edlen Steckgef\u00e4\u00dfe und Accessoires sind perfekt dem jeweiligen Gesteck angepasst. An Ausstellungen habe ich nur teilgenommen, die eine gute Atmosph\u00e4re und ein sch\u00f6nes [&hellip;]<\/p>\n","protected":false},"author":1,"featured_media":0,"parent":0,"menu_order":0,"comment_status":"closed","ping_status":"open","template":"","meta":{"footnotes":""},"class_list":["post-17","page","type-page","status-publish","hentry"],"_links":{"self":[{"href":"https:\/\/www.seidenblumenatelier.de\/index.php?rest_route=\/wp\/v2\/pages\/17","targetHints":{"allow":["GET"]}}],"collection":[{"href":"https:\/\/www.seidenblumenatelier.de\/index.php?rest_route=\/wp\/v2\/pages"}],"about":[{"href":"https:\/\/www.seidenblumenatelier.de\/index.php?rest_route=\/wp\/v2\/types\/page"}],"author":[{"embeddable":true,"href":"https:\/\/www.seidenblumenatelier.de\/index.php?rest_route=\/wp\/v2\/users\/1"}],"replies":[{"embeddable":true,"href":"https:\/\/www.seidenblumenatelier.de\/index.php?rest_route=%2Fwp%2Fv2%2Fcomments&post=17"}],"version-history":[{"count":7,"href":"https:\/\/www.seidenblumenatelier.de\/index.php?rest_route=\/wp\/v2\/pages\/17\/revisions"}],"predecessor-version":[{"id":137,"href":"https:\/\/www.seidenblumenatelier.de\/index.php?rest_route=\/wp\/v2\/pages\/17\/revisions\/137"}],"wp:attachment":[{"href":"https:\/\/www.seidenblumenatelier.de\/index.php?rest_route=%2Fwp%2Fv2%2Fmedia&parent=17"}],"curies":[{"name":"wp","href":"https:\/\/api.w.org\/{rel}","templated":true}]}}